{"id":356,"date":"2015-05-30T14:34:29","date_gmt":"2015-05-30T14:34:29","guid":{"rendered":"http:\/\/www.usinadepesquisa.com\/ger\/?page_id=2"},"modified":"2025-07-28T06:42:31","modified_gmt":"2025-07-28T03:42:31","slug":"about","status":"publish","type":"page","link":"https:\/\/usinadepesquisa.com\/fiatlux\/about\/","title":{"rendered":"Sobre"},"content":{"rendered":"\n<h2 class=\"wp-block-heading\">Livro eletr\u00f4nico sobre pesquisa em ci\u00eancias da sa\u00fade.<\/h2>\n\n\n\n<figure class=\"wp-block-image\"><img loading=\"lazy\" decoding=\"async\" width=\"300\" height=\"300\" src=\"http:\/\/usinadepesquisa.com\/fiatlux\/wp-content\/uploads\/2024\/09\/bit.ly_2024fiatlux-300x300.png\" alt=\"\" class=\"wp-image-478\" srcset=\"https:\/\/usinadepesquisa.com\/fiatlux\/wp-content\/uploads\/2024\/09\/bit.ly_2024fiatlux-300x300.png 300w, https:\/\/usinadepesquisa.com\/fiatlux\/wp-content\/uploads\/2024\/09\/bit.ly_2024fiatlux-150x150.png 150w, https:\/\/usinadepesquisa.com\/fiatlux\/wp-content\/uploads\/2024\/09\/bit.ly_2024fiatlux.png 656w\" sizes=\"auto, (max-width: 300px) 100vw, 300px\" \/><\/figure>\n\n\n\n<p class=\"wp-block-paragraph\"><\/p>\n\n\n\n<blockquote class=\"wp-block-quote is-layout-flow wp-block-quote-is-layout-flow\">\n<p class=\"wp-block-paragraph\"><strong>Como citar:<\/strong> Castro AA. FiatLux: o ciclo de vida de uma pesquisa. Macei\u00f3: AAC; 2024. Dispon\u00edvel em: <a href=\"https:\/\/bit.ly\/2024fiatlux\">https:\/\/bit.ly\/2024fiatlux<\/a><\/p>\n<\/blockquote>\n\n\n\n<figure class=\"wp-block-image\"><img loading=\"lazy\" decoding=\"async\" width=\"243\" height=\"300\" src=\"http:\/\/usinadepesquisa.com\/fiatlux\/wp-content\/uploads\/2024\/09\/WhatsApp-Image-2023-12-18-at-10.28.01-2-243x300.jpeg\" alt=\"\" class=\"wp-image-472\" srcset=\"https:\/\/usinadepesquisa.com\/fiatlux\/wp-content\/uploads\/2024\/09\/WhatsApp-Image-2023-12-18-at-10.28.01-2-243x300.jpeg 243w, https:\/\/usinadepesquisa.com\/fiatlux\/wp-content\/uploads\/2024\/09\/WhatsApp-Image-2023-12-18-at-10.28.01-2.jpeg 354w\" sizes=\"auto, (max-width: 243px) 100vw, 243px\" \/><\/figure>\n\n\n\n<p class=\"wp-block-paragraph\"><\/p>\n\n\n\n<p class=\"wp-block-paragraph\">Aldemar Araujo Castro (<a href=\"https:\/\/instagram.com\/aldemararaujo\">@aldemararaujo<\/a>)<br> M\u00e9dico, Cirurgi\u00e3o Vascular<br> Professor, Pesquisador, Extensionista e Empreendedor na <a href=\"https:\/\/www.uncisal.edu.br\">UNCISAL<\/a>, Macei\u00f3, AL<br> <a href=\"http:\/\/lattes.cnpq.br\/2259022333178681\">CV Lattes<\/a><br> <a href=\"https:\/\/scholar.google.com.br\/citations?user=7Yf0FbkAAAAJ&amp;hl=pt-BR\">Google Scholar<\/a><\/p>\n","protected":false},"excerpt":{"rendered":"<p>Livro eletr\u00f4nico sobre pesquisa em ci\u00eancias da sa\u00fade. Como citar: Castro AA. FiatLux: o ciclo de vida de uma pesquisa. Macei\u00f3: AAC; 2024. Dispon\u00edvel em: https:\/\/bit.ly\/2024fiatlux Aldemar Araujo Castro (@aldemararaujo) M\u00e9dico, Cirurgi\u00e3o Vascular Professor, Pesquisador, Extensionista e Empreendedor na UNCISAL, Macei\u00f3, AL CV Lattes Google Scholar<\/p>\n","protected":false},"author":1,"featured_media":0,"parent":0,"menu_order":20,"comment_status":"open","ping_status":"closed","template":"","meta":{"_crdt_document":"","footnotes":""},"class_list":["post-356","page","type-page","status-publish","hentry"],"_links":{"self":[{"href":"https:\/\/usinadepesquisa.com\/fiatlux\/wp-json\/wp\/v2\/pages\/356","targetHints":{"allow":["GET"]}}],"collection":[{"href":"https:\/\/usinadepesquisa.com\/fiatlux\/wp-json\/wp\/v2\/pages"}],"about":[{"href":"https:\/\/usinadepesquisa.com\/fiatlux\/wp-json\/wp\/v2\/types\/page"}],"author":[{"embeddable":true,"href":"https:\/\/usinadepesquisa.com\/fiatlux\/wp-json\/wp\/v2\/users\/1"}],"replies":[{"embeddable":true,"href":"https:\/\/usinadepesquisa.com\/fiatlux\/wp-json\/wp\/v2\/comments?post=356"}],"version-history":[{"count":10,"href":"https:\/\/usinadepesquisa.com\/fiatlux\/wp-json\/wp\/v2\/pages\/356\/revisions"}],"predecessor-version":[{"id":689,"href":"https:\/\/usinadepesquisa.com\/fiatlux\/wp-json\/wp\/v2\/pages\/356\/revisions\/689"}],"wp:attachment":[{"href":"https:\/\/usinadepesquisa.com\/fiatlux\/wp-json\/wp\/v2\/media?parent=356"}],"curies":[{"name":"wp","href":"https:\/\/api.w.org\/{rel}","templated":true}]}}