{"id":456,"date":"2024-09-28T02:59:52","date_gmt":"2024-09-28T02:59:52","guid":{"rendered":"http:\/\/usinadepesquisa.com\/fiatlux\/?page_id=456"},"modified":"2025-07-28T16:12:23","modified_gmt":"2025-07-28T13:12:23","slug":"executar-a-pesquisa","status":"publish","type":"page","link":"https:\/\/usinadepesquisa.com\/fiatlux\/executar-a-pesquisa\/","title":{"rendered":"3. Executar a Pesquisa"},"content":{"rendered":"<div class=\"has-text-align-right wp-block-post-time-to-read\">4\u20137 minutos<\/div>\n\n\n<blockquote class=\"wp-block-quote is-layout-flow wp-block-quote-is-layout-flow\">\n<h4 class=\"wp-block-heading has-text-align-right\">A execu\u00e7\u00e3o de uma pesquisa \u00e9 onde as ideias se transformam em realidade, exigindo rigor e disciplina para obter resultados v\u00e1lidos.<\/h4>\n<\/blockquote>\n\n\n\n<figure class=\"wp-block-image size-large\"><img loading=\"lazy\" decoding=\"async\" width=\"1024\" height=\"576\" src=\"http:\/\/usinadepesquisa.com\/fiatlux\/wp-content\/uploads\/2025\/04\/IA-na-pesquisa-academica-1024x576.png\" alt=\"\" class=\"wp-image-609\" srcset=\"https:\/\/usinadepesquisa.com\/fiatlux\/wp-content\/uploads\/2025\/04\/IA-na-pesquisa-academica-1024x576.png 1024w, https:\/\/usinadepesquisa.com\/fiatlux\/wp-content\/uploads\/2025\/04\/IA-na-pesquisa-academica-300x169.png 300w, https:\/\/usinadepesquisa.com\/fiatlux\/wp-content\/uploads\/2025\/04\/IA-na-pesquisa-academica-768x432.png 768w, https:\/\/usinadepesquisa.com\/fiatlux\/wp-content\/uploads\/2025\/04\/IA-na-pesquisa-academica-1536x864.png 1536w, https:\/\/usinadepesquisa.com\/fiatlux\/wp-content\/uploads\/2025\/04\/IA-na-pesquisa-academica.png 1920w\" sizes=\"auto, (max-width: 1024px) 100vw, 1024px\" \/><figcaption class=\"wp-element-caption\">As etapas e fases do processo de fazer uma pesquisa<\/figcaption><\/figure>\n\n\n\n<p class=\"wp-block-paragraph\"><strong>1. Defini\u00e7\u00e3o<\/strong><br>A execu\u00e7\u00e3o da pesquisa \u00e9 o processo pr\u00e1tico utilizado para obter resultados de alta qualidade, seguindo rigorosamente as diretrizes estabelecidas no projeto de pesquisa. Ela representa a segunda etapa fundamental do ciclo de pesquisa, que \u00e9 composto por tr\u00eas fases interconectadas: planejamento, execu\u00e7\u00e3o e divulga\u00e7\u00e3o. Enquanto o planejamento define a estrat\u00e9gia e os objetivos do estudo, a execu\u00e7\u00e3o envolve a aplica\u00e7\u00e3o concreta desses planos, garantindo que os dados coletados sejam precisos, v\u00e1lidos e \u00fateis para a fase subsequente de divulga\u00e7\u00e3o.<\/p>\n\n\n\n<p class=\"wp-block-paragraph\">A execu\u00e7\u00e3o de uma pesquisa \u00e9 composta por uma s\u00e9rie de atividades organizadas de forma sequencial e meticulosa, abrangendo os seguintes itens essenciais:<br>\u25cf coleta de dados;<br>\u25cf armazenamento dos dados;<br>\u25cf tabula\u00e7\u00e3o dos dados;<br>\u25cf relat\u00f3rio parcial (se necess\u00e1rio);<br>\u25cf an\u00e1lise dos dados;<br>\u25cf interpreta\u00e7\u00e3o dos resultados;<br>\u25cf relat\u00f3rio final.<\/p>\n\n\n\n<p class=\"wp-block-paragraph\"><\/p>\n\n\n\n<p class=\"wp-block-paragraph\"><strong>2. Import\u00e2ncia<\/strong><br>A execu\u00e7\u00e3o da pesquisa \u00e9 a fase na qual os dados planejados s\u00e3o coletados, organizados e analisados, o que torna essa etapa essencial para o sucesso do estudo. O principal objetivo da execu\u00e7\u00e3o \u00e9 garantir que os dados sejam obtidos de forma precisa e consistente, seguindo as orienta\u00e7\u00f5es estabelecidas no projeto de pesquisa. Por\u00e9m, para que isso aconte\u00e7a de forma adequada, \u00e9 fundamental que a execu\u00e7\u00e3o seja continuamente monitorada. Isso garante que os erros na manipula\u00e7\u00e3o dos dados \u2014 como coleta inadequada, falhas no armazenamento ou inconsist\u00eancias na tabula\u00e7\u00e3o \u2014 sejam minimizados. Al\u00e9m disso, a monitoriza\u00e7\u00e3o \u00e9 crucial para proteger os sujeitos da pesquisa de qualquer risco ou dano que possa ocorrer durante o estudo, assegurando que os princ\u00edpios \u00e9ticos e cient\u00edficos sejam mantidos ao longo de todo o processo.<\/p>\n\n\n\n<p class=\"wp-block-paragraph\"><\/p>\n\n\n\n<p class=\"wp-block-paragraph\"><strong>3. Quem deve fazer?<\/strong><br>O pr\u00f3prio pesquisador tem a responsabilidade de realizar a execu\u00e7\u00e3o da pesquisa, visto que ele \u00e9 o principal conhecedor do objetivo, m\u00e9todos e hip\u00f3tese envolvidas. No entanto, em situa\u00e7\u00f5es em que a pesquisa envolve uma grande quantidade de dados ou um n\u00famero significativo de sujeitos \u2014 como em estudos multic\u00eantricos ou com grandes amostras \u2014, parte da execu\u00e7\u00e3o pode ser delegada a outros membros da equipe de pesquisa, como monitores de campo e auxiliares t\u00e9cnicos. Esses indiv\u00edduos podem ser encarregados de tarefas espec\u00edficas, como a coleta e o armazenamento de dados, mas sempre sob a supervis\u00e3o direta do pesquisador principal. \u00c9 importante destacar que, mesmo com a delega\u00e7\u00e3o de fun\u00e7\u00f5es, o pesquisador deve manter o controle sobre o processo e garantir que todas as etapas sejam realizadas de acordo com o plano estabelecido, assegurando a integridade e validade do estudo.<\/p>\n\n\n\n<p class=\"wp-block-paragraph\"><\/p>\n\n\n\n<p class=\"wp-block-paragraph\"><strong>4. Quando fazer?<\/strong><br>A execu\u00e7\u00e3o da pesquisa s\u00f3 deve ser iniciada apenas ap\u00f3s a aprova\u00e7\u00e3o formal do projeto de pesquisa pelo comit\u00ea de \u00e9tica em pesquisa. Este \u00e9 um ponto crucial, pois \u00e9 inaceit\u00e1vel come\u00e7ar qualquer coleta de dados antes que todos os aspectos \u00e9ticos e metodol\u00f3gicos tenham sido devidamente aprovados. A execu\u00e7\u00e3o sem essa autoriza\u00e7\u00e3o pode n\u00e3o s\u00f3 comprometer os resultados da pesquisa, como tamb\u00e9m colocar em risco os participantes da pesquisa envolvidos e infringir normas \u00e9ticas fundamentais. Al\u00e9m disso, a data de in\u00edcio e t\u00e9rmino da coleta de dados \u00e9 uma das informa\u00e7\u00f5es que devem constar no relat\u00f3rio final da pesquisa. Dessa forma, \u00e9 importante garantir que a execu\u00e7\u00e3o comece em um momento apropriado e que todas as etapas estejam claramente registradas para garantir a transpar\u00eancia e a rastreabilidade do processo de pesquisa.<\/p>\n\n\n\n<p class=\"wp-block-paragraph\"><\/p>\n\n\n\n<p class=\"wp-block-paragraph\"><strong>5. Onde fazer?<\/strong><br>A execu\u00e7\u00e3o da pesquisa come\u00e7a no local onde os dados ser\u00e3o coletados, que pode ser o ambiente onde est\u00e3o os sujeitos da pesquisa ou a fonte de informa\u00e7\u00f5es, como hospitais, laborat\u00f3rios, institui\u00e7\u00f5es de pesquisa, ou outros locais de coleta. A coleta de dados deve ser conduzida rigorosamente conforme descrito no planejamento, sem desvios improvisados. Ap\u00f3s a coleta, os dados s\u00e3o transportados ou inseridos no &#8220;escrit\u00f3rio&#8221;, que pode ser tanto um espa\u00e7o f\u00edsico quanto virtual, onde ser\u00e3o armazenados, tabulados e analisados. \u00c9 neste ambiente que os dados brutos s\u00e3o organizados e interpretados, seguindo as t\u00e9cnicas apropriadas para garantir sua integridade e seguran\u00e7a. A escolha adequada do local de coleta e an\u00e1lise dos dados \u00e9 essencial para que a pesquisa seja executada de maneira eficiente e precisa.<\/p>\n\n\n\n<p class=\"wp-block-paragraph\"><\/p>\n\n\n\n<p class=\"wp-block-paragraph\"><strong>6. Como fazer?<\/strong><\/p>\n\n\n\n<p class=\"wp-block-paragraph\">\u25cf <strong>Coletar os dados<\/strong> (Cap. 11) &#8211; \u00c9 a obten\u00e7\u00e3o dos dados junto aos participantes da pesquisa ou fontes de informa\u00e7\u00e3o. A coleta deve ser realizada de maneira rigorosa, conforme descrito no projeto, sem desvios metodol\u00f3gicos.<br>\u25cf <strong>Armazenar os dados<\/strong> (Cap. 12) &#8211; os dados devem ser armazenados em um local seguro, garantindo sua integridade e prote\u00e7\u00e3o contra perdas ou corrup\u00e7\u00e3o.<br>\u25cf <strong>Tabular os dados<\/strong> (Cap. 13) &#8211; Organiza os dados coletados em tabelas, facilitando a aplica\u00e7\u00e3o de an\u00e1lises estat\u00edsticas e garantindo que os resultados sejam compreens\u00edveis e precisos<br>\u25cf <strong>Redigir relat\u00f3rio parcial<\/strong> (Cap. 14) &#8211; Durante a execu\u00e7\u00e3o, \u00e9 comum a produ\u00e7\u00e3o de relat\u00f3rios parciais, que documentam o progresso da pesquisa e permitem ajustes ou corre\u00e7\u00f5es no processo<br>\u25cf <strong>Analisar os dados<\/strong> (Cap. 15) &#8211; Os dados brutos s\u00e3o submetidos a an\u00e1lises estat\u00edsticas ou qualitativas, conforme o caso, para gerar os resultados finais.<br>\u25cf <strong>Interpretar os resultados<\/strong> (Cap. 16) &#8211; \u00c9 quando se dar sentido aos resultados obtidos, comparando-os com a hip\u00f3tese inicial e com a literatura existente.<br>\u25cf <strong>Redigir o relat\u00f3rio final<\/strong> (Cap. 17) &#8211; Documenta toda a execu\u00e7\u00e3o da pesquisa, incluindo a an\u00e1lise e a interpreta\u00e7\u00e3o dos dados, e serve como base para a divulga\u00e7\u00e3o dos resultados.<br><\/p>\n\n\n\n<p class=\"wp-block-paragraph\">Para que essas etapas sejam realizadas corretamente, \u00e9 imprescind\u00edvel seguir as normas \u00e9ticas e cient\u00edficas, como as estabelecidas pelo ICH ((<a href=\"http:\/\/www.ich.org\">http:\/\/www.ich.org<\/a> ) e pela CONEP (<a href=\"https:\/\/www.gov.br\/conselho-nacional-de-saude\/pt-br\/acesso-a-informacao\/sobre-o-conselho\/camaras-tecnicas-e-comissoes\/conep\">link<\/a>). A execu\u00e7\u00e3o da pesquisa requer um rigor cient\u00edfico em cada uma de suas etapas, e o monitoramento cont\u00ednuo \u00e9 necess\u00e1rio para assegurar a validade dos resultados e a prote\u00e7\u00e3o dos sujeitos.<\/p>\n\n\n\n<p class=\"wp-block-paragraph\"><\/p>\n\n\n\n<p class=\"wp-block-paragraph\"><strong>7. Considera\u00e7\u00f5es finais<\/strong><br>A execu\u00e7\u00e3o da pesquisa, ao contr\u00e1rio da fase de planejamento, \u00e9 uma etapa que n\u00e3o permite improvisa\u00e7\u00e3o. Todas as atividades devem ser realizadas de acordo com o planejamento pr\u00e9-estabelecido, sem altera\u00e7\u00f5es no percurso. Enquanto o planejamento envolve criatividade e flexibilidade, a execu\u00e7\u00e3o exige disciplina e rigor t\u00e9cnico, especialmente nas fases iniciais, que envolvem a coleta e o armazenamento de dados. O processo de execu\u00e7\u00e3o tem um car\u00e1ter mais mec\u00e2nico no in\u00edcio, por\u00e9m, nas etapas finais, que envolvem a interpreta\u00e7\u00e3o dos dados e a reda\u00e7\u00e3o do relat\u00f3rio, volta-se a exigir do pesquisador uma abordagem mais intelectual e criativa. O sucesso da execu\u00e7\u00e3o facilita o processo seguinte, que \u00e9 a divulga\u00e7\u00e3o dos resultados, preparando o caminho para a publica\u00e7\u00e3o de um artigo original.<\/p>\n\n\n\n<p class=\"has-text-align-center wp-block-paragraph\">***<\/p>\n\n\n\n<figure class=\"wp-block-image aligncenter size-full is-resized\"><img loading=\"lazy\" decoding=\"async\" width=\"656\" height=\"656\" src=\"https:\/\/usinadepesquisa.com\/fiatlux\/wp-content\/uploads\/2024\/10\/bit.ly_03executar.png\" alt=\"\" class=\"wp-image-555\" style=\"width:164px;height:auto\" srcset=\"https:\/\/usinadepesquisa.com\/fiatlux\/wp-content\/uploads\/2024\/10\/bit.ly_03executar.png 656w, https:\/\/usinadepesquisa.com\/fiatlux\/wp-content\/uploads\/2024\/10\/bit.ly_03executar-300x300.png 300w, https:\/\/usinadepesquisa.com\/fiatlux\/wp-content\/uploads\/2024\/10\/bit.ly_03executar-150x150.png 150w\" sizes=\"auto, (max-width: 656px) 100vw, 656px\" \/><figcaption class=\"wp-element-caption\"><a href=\"https:\/\/bit.ly\/03executar\">https:\/\/bit.ly\/03executar<\/a><\/figcaption><\/figure>\n","protected":false},"excerpt":{"rendered":"<p>A execu\u00e7\u00e3o de uma pesquisa \u00e9 onde as ideias se transformam em realidade, exigindo rigor e disciplina para obter resultados v\u00e1lidos. 1. Defini\u00e7\u00e3oA execu\u00e7\u00e3o da pesquisa \u00e9 o processo pr\u00e1tico utilizado para obter resultados de alta qualidade, seguindo rigorosamente as diretrizes estabelecidas no projeto de pesquisa. Ela representa a segunda etapa fundamental do ciclo de [&hellip;]<\/p>\n","protected":false},"author":1,"featured_media":0,"parent":0,"menu_order":3,"comment_status":"closed","ping_status":"closed","template":"","meta":{"_crdt_document":"","footnotes":""},"class_list":["post-456","page","type-page","status-publish","hentry"],"_links":{"self":[{"href":"https:\/\/usinadepesquisa.com\/fiatlux\/wp-json\/wp\/v2\/pages\/456","targetHints":{"allow":["GET"]}}],"collection":[{"href":"https:\/\/usinadepesquisa.com\/fiatlux\/wp-json\/wp\/v2\/pages"}],"about":[{"href":"https:\/\/usinadepesquisa.com\/fiatlux\/wp-json\/wp\/v2\/types\/page"}],"author":[{"embeddable":true,"href":"https:\/\/usinadepesquisa.com\/fiatlux\/wp-json\/wp\/v2\/users\/1"}],"replies":[{"embeddable":true,"href":"https:\/\/usinadepesquisa.com\/fiatlux\/wp-json\/wp\/v2\/comments?post=456"}],"version-history":[{"count":9,"href":"https:\/\/usinadepesquisa.com\/fiatlux\/wp-json\/wp\/v2\/pages\/456\/revisions"}],"predecessor-version":[{"id":722,"href":"https:\/\/usinadepesquisa.com\/fiatlux\/wp-json\/wp\/v2\/pages\/456\/revisions\/722"}],"wp:attachment":[{"href":"https:\/\/usinadepesquisa.com\/fiatlux\/wp-json\/wp\/v2\/media?parent=456"}],"curies":[{"name":"wp","href":"https:\/\/api.w.org\/{rel}","templated":true}]}}