{"id":495,"date":"2024-09-28T16:39:46","date_gmt":"2024-09-28T13:39:46","guid":{"rendered":"https:\/\/usinadepesquisa.com\/fiatlux\/?page_id=495"},"modified":"2025-07-28T16:14:21","modified_gmt":"2025-07-28T13:14:21","slug":"5-desenvolver-a-ideia-brilhante","status":"publish","type":"page","link":"https:\/\/usinadepesquisa.com\/fiatlux\/5-desenvolver-a-ideia-brilhante\/","title":{"rendered":"5. Desenvolver a Ideia Brilhante"},"content":{"rendered":"<div class=\"has-text-align-right wp-block-post-time-to-read\">4\u20137 minutos<\/div>\n\n\n<blockquote class=\"wp-block-quote is-layout-flow wp-block-quote-is-layout-flow\">\n<h4 class=\"wp-block-heading has-text-align-right\">A inquieta\u00e7\u00e3o e a n\u00e3o conformidade com o que existe s\u00e3o os combust\u00edveis para desenvolver ideias brilhantes! Duvidar sempre!<\/h4>\n<\/blockquote>\n\n\n\n<figure class=\"wp-block-image size-large\"><img loading=\"lazy\" decoding=\"async\" width=\"1024\" height=\"576\" src=\"http:\/\/usinadepesquisa.com\/fiatlux\/wp-content\/uploads\/2025\/04\/IA-na-pesquisa-academica-1024x576.png\" alt=\"\" class=\"wp-image-609\" srcset=\"https:\/\/usinadepesquisa.com\/fiatlux\/wp-content\/uploads\/2025\/04\/IA-na-pesquisa-academica-1024x576.png 1024w, https:\/\/usinadepesquisa.com\/fiatlux\/wp-content\/uploads\/2025\/04\/IA-na-pesquisa-academica-300x169.png 300w, https:\/\/usinadepesquisa.com\/fiatlux\/wp-content\/uploads\/2025\/04\/IA-na-pesquisa-academica-768x432.png 768w, https:\/\/usinadepesquisa.com\/fiatlux\/wp-content\/uploads\/2025\/04\/IA-na-pesquisa-academica-1536x864.png 1536w, https:\/\/usinadepesquisa.com\/fiatlux\/wp-content\/uploads\/2025\/04\/IA-na-pesquisa-academica.png 1920w\" sizes=\"auto, (max-width: 1024px) 100vw, 1024px\" \/><figcaption class=\"wp-element-caption\">As etapas e fases do processo de fazer uma pesquisa<\/figcaption><\/figure>\n\n\n\n<h2 class=\"wp-block-heading\">5.1. <strong>Defini\u00e7\u00e3o<\/strong><\/h2>\n\n\n\n<p class=\"wp-block-paragraph\">O desenvolvimento de uma ideia brilhante \u00e9 o processo que transforma uma d\u00favida em uma pergunta de pesquisa bem estruturada, seguida pela formula\u00e7\u00e3o de uma hip\u00f3tese, um objetivo claro e um t\u00edtulo adequado. A pergunta de pesquisa \u00e9 o elemento mais importante de todo o processo, pois \u00e9 ela que o pesquisador pretende responder. Esse processo \u00e9 o primeiro passo fundamental para qualquer pesquisa e deve ser conduzido com muito cuidado. A elabora\u00e7\u00e3o da pergunta, especialmente em estudos prim\u00e1rios, requer a inclus\u00e3o de quatro componentes essenciais, conhecidos como o modelo PICO:<\/p>\n\n\n\n<ul class=\"wp-block-list\">\n<li><strong>P (Popula\u00e7\u00e3o, paciente ou cen\u00e1rio cl\u00ednico):<\/strong> Refere-se ao grupo de pessoas ou \u00e0 condi\u00e7\u00e3o cl\u00ednica que ser\u00e1 estudada.<\/li>\n\n\n\n<li><strong>I (Interven\u00e7\u00e3o, procedimento ou exposi\u00e7\u00e3o):<\/strong> O tratamento ou interven\u00e7\u00e3o que ser\u00e1 testado.<\/li>\n\n\n\n<li><strong>C (Compara\u00e7\u00e3o):<\/strong> A alternativa padr\u00e3o ou grupo controle contra o qual a interven\u00e7\u00e3o ser\u00e1 comparada.<\/li>\n\n\n\n<li><strong>O (Outcome ou desfecho):<\/strong> O resultado ou vari\u00e1vel de interesse que ser\u00e1 medido.<\/li>\n<\/ul>\n\n\n\n<p class=\"wp-block-paragraph\">Esses quatro componentes formam a base da pergunta de pesquisa e ajudam a estruturar o estudo de forma l\u00f3gica e eficiente.<\/p>\n\n\n\n<figure class=\"wp-block-image size-large\"><img loading=\"lazy\" decoding=\"async\" width=\"1024\" height=\"410\" src=\"https:\/\/usinadepesquisa.com\/fiatlux\/wp-content\/uploads\/2024\/10\/01-ideia-brilhante-pico-3-1024x410.png\" alt=\"\" class=\"wp-image-542\" srcset=\"https:\/\/usinadepesquisa.com\/fiatlux\/wp-content\/uploads\/2024\/10\/01-ideia-brilhante-pico-3-1024x410.png 1024w, https:\/\/usinadepesquisa.com\/fiatlux\/wp-content\/uploads\/2024\/10\/01-ideia-brilhante-pico-3-300x120.png 300w, https:\/\/usinadepesquisa.com\/fiatlux\/wp-content\/uploads\/2024\/10\/01-ideia-brilhante-pico-3-768x308.png 768w, https:\/\/usinadepesquisa.com\/fiatlux\/wp-content\/uploads\/2024\/10\/01-ideia-brilhante-pico-3-1536x615.png 1536w, https:\/\/usinadepesquisa.com\/fiatlux\/wp-content\/uploads\/2024\/10\/01-ideia-brilhante-pico-3.png 1648w\" sizes=\"auto, (max-width: 1024px) 100vw, 1024px\" \/><\/figure>\n\n\n\n<h2 class=\"wp-block-heading\">5.2. <strong>Import\u00e2ncia<\/strong><\/h2>\n\n\n\n<p class=\"wp-block-paragraph\">A ideia brilhante, que surge da d\u00favida inicial e se transforma em uma pergunta de pesquisa, \u00e9 essencial para determinar todos os outros elementos do plano de pesquisa, como o tipo de estudo, o local onde ser\u00e1 realizado, o tamanho da amostra, os procedimentos envolvidos, as vari\u00e1veis a serem mensuradas e o m\u00e9todo estat\u00edstico a ser utilizado. A ideia brilhante \u00e9 como uma b\u00fassola para o pesquisador, fornecendo orienta\u00e7\u00e3o e dire\u00e7\u00e3o ao longo de todo o processo. No entanto, \u00e9 importante fazer duas perguntas essenciais antes de avan\u00e7ar com a pesquisa:<\/p>\n\n\n\n<ul class=\"wp-block-list\">\n<li><strong>A ideia \u00e9 relevante?<\/strong> Ou seja, a pergunta de pesquisa \u00e9 significativa para a ci\u00eancia e tem o potencial de trazer novos conhecimentos?<\/li>\n\n\n\n<li><strong>A ideia \u00e9 vi\u00e1vel?<\/strong> O pesquisador tem acesso aos recursos, instrumentos e tempo necess\u00e1rios para responder \u00e0 pergunta de pesquisa de maneira eficaz?<\/li>\n<\/ul>\n\n\n\n<p class=\"wp-block-paragraph\">Como as possibilidades de formular perguntas de pesquisa s\u00e3o quase infinitas, \u00e9 fundamental focar em ideias que sejam ao mesmo tempo relevantes e vi\u00e1veis. O uso do modelo PICO ajuda a estruturar a pergunta de forma clara e sistem\u00e1tica. Somente quando a pergunta estiver bem formulada \u00e9 que o pesquisador pode avan\u00e7ar para definir o objetivo e o t\u00edtulo do estudo.<\/p>\n\n\n\n<p class=\"wp-block-paragraph\"><\/p>\n\n\n\n<h2 class=\"wp-block-heading\">5.3. <strong>Quem deve fazer?<\/strong><\/h2>\n\n\n\n<p class=\"wp-block-paragraph\">A responsabilidade de desenvolver a ideia brilhante recai sobre o pr\u00f3prio pesquisador. Qualquer pessoa que tenha uma mentalidade questionadora pode ser um pesquisador, independentemente de sua forma\u00e7\u00e3o acad\u00eamica. A pesquisa n\u00e3o \u00e9 exclusiva de cientistas altamente qualificados; at\u00e9 mesmo uma crian\u00e7a pode ser incentivada a fazer perguntas e investigar suas respostas. O importante \u00e9 ter curiosidade, senso cr\u00edtico e disposi\u00e7\u00e3o para transformar d\u00favidas em conhecimento. Assim, qualquer indiv\u00edduo que tenha uma atitude de inconformismo em rela\u00e7\u00e3o ao status quo e esteja disposto a questionar a realidade ao seu redor pode ser um pesquisador em potencial.<\/p>\n\n\n\n<p class=\"wp-block-paragraph\"><\/p>\n\n\n\n<h2 class=\"wp-block-heading\">5.4. <strong>Quando fazer?<\/strong><\/h2>\n\n\n\n<p class=\"wp-block-paragraph\">O desenvolvimento da ideia brilhante deve ocorrer no exato momento em que surge a d\u00favida. \u00c9 a d\u00favida \u2014 o questionamento sobre algo que n\u00e3o parece estar totalmente claro ou evidente \u2014 que impulsiona o in\u00edcio do processo de pesquisa. Esse questionamento pode surgir de uma observa\u00e7\u00e3o, de uma leitura ou at\u00e9 mesmo de uma simples desconfian\u00e7a sobre algo. O processo de desenvolvimento de uma ideia brilhante \u00e9 cont\u00ednuo e deve ser repetido quantas vezes forem necess\u00e1rias at\u00e9 que se tenha uma pergunta de pesquisa clara e estruturada. No entanto, \u00e9 importante lembrar que nem todas as ideias brilhantes ir\u00e3o progredir para o est\u00e1gio de desenvolvimento de um plano de pesquisa.<\/p>\n\n\n\n<p class=\"wp-block-paragraph\"><\/p>\n\n\n\n<h2 class=\"wp-block-heading\">5.5. <strong>Onde fazer?<\/strong><\/h2>\n\n\n\n<p class=\"wp-block-paragraph\">O desenvolvimento da ideia brilhante pode ser feito em qualquer lugar onde o pesquisador tenha acesso a um computador, tablet ou smartphone com conex\u00e3o \u00e0 internet. O local em si n\u00e3o \u00e9 t\u00e3o importante quanto a disponibilidade de tempo e ferramentas para pensar, escrever e revisar a ideia. Ter a capacidade de realizar uma autoavalia\u00e7\u00e3o cr\u00edtica da ideia \u00e9 fundamental, e isso pode ser feito em qualquer ambiente que permita concentra\u00e7\u00e3o e reflex\u00e3o. A tecnologia moderna facilita o processo, oferecendo ferramentas online para a avalia\u00e7\u00e3o e refinamento da ideia brilhante.<\/p>\n\n\n\n<figure class=\"wp-block-image size-large\"><img loading=\"lazy\" decoding=\"async\" width=\"1024\" height=\"268\" src=\"http:\/\/usinadepesquisa.com\/fiatlux\/wp-content\/uploads\/2024\/10\/MM-01-ideia-2-1024x268.png\" alt=\"\" class=\"wp-image-544\" srcset=\"https:\/\/usinadepesquisa.com\/fiatlux\/wp-content\/uploads\/2024\/10\/MM-01-ideia-2-1024x268.png 1024w, https:\/\/usinadepesquisa.com\/fiatlux\/wp-content\/uploads\/2024\/10\/MM-01-ideia-2-300x78.png 300w, https:\/\/usinadepesquisa.com\/fiatlux\/wp-content\/uploads\/2024\/10\/MM-01-ideia-2-768x201.png 768w, https:\/\/usinadepesquisa.com\/fiatlux\/wp-content\/uploads\/2024\/10\/MM-01-ideia-2-1536x401.png 1536w, https:\/\/usinadepesquisa.com\/fiatlux\/wp-content\/uploads\/2024\/10\/MM-01-ideia-2-2048x535.png 2048w\" sizes=\"auto, (max-width: 1024px) 100vw, 1024px\" \/><\/figure>\n\n\n\n<h2 class=\"wp-block-heading\">5.6. <strong>Como fazer?<\/strong><\/h2>\n\n\n\n<p class=\"wp-block-paragraph\">Para desenvolver uma ideia brilhante, o pesquisador deve seguir uma s\u00e9rie de passos:<\/p>\n\n\n\n<ol class=\"wp-block-list\">\n<li><strong>Selecione o tema (cen\u00e1rio cl\u00ednico):<\/strong> Escolha a \u00e1rea ou condi\u00e7\u00e3o cl\u00ednica de interesse para a pesquisa, como, por exemplo, insufici\u00eancia card\u00edaca ou diabetes.<\/li>\n\n\n\n<li><strong>Selecione uma categoria:<\/strong> Escolha a categoria da pesquisa (frequ\u00eancia, diagn\u00f3stico, tratamento, progn\u00f3stico, preven\u00e7\u00e3o, etiologia ou mecanismo da doen\u00e7a), pois cada uma dessas categorias responde a um tipo espec\u00edfico de pergunta de pesquisa.<\/li>\n\n\n\n<li><strong>Selecione o tipo de an\u00e1lise estat\u00edstica:<\/strong> Determine se a pesquisa ir\u00e1 utilizar an\u00e1lise de diferen\u00e7a, rela\u00e7\u00e3o ou regress\u00e3o, pois isso influenciar\u00e1 diretamente a elabora\u00e7\u00e3o da pergunta de pesquisa.<\/li>\n\n\n\n<li><strong>Escreva os itens do PICO:<\/strong> Use o modelo PICO para estruturar a pergunta de pesquisa de forma clara e precisa.<\/li>\n\n\n\n<li><strong>Escreva a pergunta de pesquisa:<\/strong> Redija a pergunta de pesquisa como uma frase interrogativa direta.<\/li>\n\n\n\n<li><strong>Reavalie a pergunta:<\/strong> Verifique se a pergunta \u00e9 relevante e vi\u00e1vel. Fa\u00e7a ajustes, se necess\u00e1rio.<\/li>\n\n\n\n<li><strong>Escreva a hip\u00f3tese:<\/strong> Transforme a pergunta em uma hip\u00f3tese que possa ser testada e respondida quantitativamente.<\/li>\n\n\n\n<li><strong>Escreva o objetivo:<\/strong> Defina claramente o que o estudo pretende alcan\u00e7ar.<\/li>\n\n\n\n<li><strong>Escreva o t\u00edtulo:<\/strong> Crie um t\u00edtulo que reflita a pergunta de pesquisa e o objetivo.<\/li>\n\n\n\n<li><strong>Junte tudo em uma \u00fanica folha:<\/strong> Compile todos os itens em um documento claro e conciso.<\/li>\n<\/ol>\n\n\n\n<figure class=\"wp-block-image aligncenter size-large\"><img loading=\"lazy\" decoding=\"async\" width=\"576\" height=\"1024\" src=\"https:\/\/usinadepesquisa.com\/fiatlux\/wp-content\/uploads\/2024\/10\/Gerar-a-duvida-4-1-576x1024.png\" alt=\"\" class=\"wp-image-563\" srcset=\"https:\/\/usinadepesquisa.com\/fiatlux\/wp-content\/uploads\/2024\/10\/Gerar-a-duvida-4-1-576x1024.png 576w, https:\/\/usinadepesquisa.com\/fiatlux\/wp-content\/uploads\/2024\/10\/Gerar-a-duvida-4-1-169x300.png 169w, https:\/\/usinadepesquisa.com\/fiatlux\/wp-content\/uploads\/2024\/10\/Gerar-a-duvida-4-1-768x1365.png 768w, https:\/\/usinadepesquisa.com\/fiatlux\/wp-content\/uploads\/2024\/10\/Gerar-a-duvida-4-1-864x1536.png 864w, https:\/\/usinadepesquisa.com\/fiatlux\/wp-content\/uploads\/2024\/10\/Gerar-a-duvida-4-1.png 1080w\" sizes=\"auto, (max-width: 576px) 100vw, 576px\" \/><figcaption class=\"wp-element-caption\">O processo de desenvolver a ideia brilhante. <br>A vers\u00e3o com inteligencia artificial generativa encontra-se dispon\u00edvel em: https:\/\/bit.ly\/ib-pesquisar<\/figcaption><\/figure>\n\n\n\n<p class=\"wp-block-paragraph\">Hoje, a inteligencia artificial generativa pode ajudar neste processo. No URL: <a href=\"https:\/\/bit.ly\/ib-virtual\">https:\/\/bit.ly\/ib-virtual<\/a>, existe um agente de IA para auxiliar neste passo a passo.<\/p>\n\n\n\n<figure class=\"wp-block-image size-full\"><img loading=\"lazy\" decoding=\"async\" width=\"734\" height=\"356\" src=\"https:\/\/usinadepesquisa.com\/fiatlux\/wp-content\/uploads\/2024\/09\/Captura-de-tela-2024-09-28-103718.png\" alt=\"\" class=\"wp-image-496\" srcset=\"https:\/\/usinadepesquisa.com\/fiatlux\/wp-content\/uploads\/2024\/09\/Captura-de-tela-2024-09-28-103718.png 734w, https:\/\/usinadepesquisa.com\/fiatlux\/wp-content\/uploads\/2024\/09\/Captura-de-tela-2024-09-28-103718-300x146.png 300w\" sizes=\"auto, (max-width: 734px) 100vw, 734px\" \/><figcaption class=\"wp-element-caption\">Acesse o URL: <a href=\"https:\/\/bit.ly\/ib-virtual\">https:\/\/bit.ly\/ib-virtual<\/a> para acessar esse agente de IA<\/figcaption><\/figure>\n\n\n\n<p class=\"wp-block-paragraph\"><\/p>\n\n\n\n<h2 class=\"wp-block-heading\">5.7. <strong>Considera\u00e7\u00f5es finais<\/strong><\/h2>\n\n\n\n<p class=\"wp-block-paragraph\">O desenvolvimento da ideia brilhante \u00e9 o ponto de partida essencial para a elabora\u00e7\u00e3o de qualquer pesquisa. \u00c9 a partir dela que todo o plano de pesquisa ser\u00e1 constru\u00eddo. Uma vez finalizada a ideia brilhante, o pesquisador pode avan\u00e7ar para a pr\u00f3xima fase, que \u00e9 a reda\u00e7\u00e3o do plano de inten\u00e7\u00e3o. No entanto, \u00e9 fundamental dedicar tempo suficiente para internalizar e praticar a elabora\u00e7\u00e3o de perguntas de pesquisa, utilizando diferentes categorias e tipos de an\u00e1lise estat\u00edstica. S\u00f3 depois de dominar essa etapa \u00e9 que o pesquisador deve seguir para a elabora\u00e7\u00e3o do plano de inten\u00e7\u00e3o (resumo estruturado do projeto de pesquisa).<\/p>\n\n\n\n<p class=\"has-text-align-center wp-block-paragraph\">***<\/p>\n\n\n\n<figure class=\"wp-block-image aligncenter size-full is-resized\"><img loading=\"lazy\" decoding=\"async\" width=\"656\" height=\"656\" src=\"https:\/\/usinadepesquisa.com\/fiatlux\/wp-content\/uploads\/2024\/10\/bit.ly_05ideia.png\" alt=\"\" class=\"wp-image-560\" style=\"width:156px;height:auto\" srcset=\"https:\/\/usinadepesquisa.com\/fiatlux\/wp-content\/uploads\/2024\/10\/bit.ly_05ideia.png 656w, https:\/\/usinadepesquisa.com\/fiatlux\/wp-content\/uploads\/2024\/10\/bit.ly_05ideia-300x300.png 300w, https:\/\/usinadepesquisa.com\/fiatlux\/wp-content\/uploads\/2024\/10\/bit.ly_05ideia-150x150.png 150w\" sizes=\"auto, (max-width: 656px) 100vw, 656px\" \/><figcaption class=\"wp-element-caption\"><a href=\"https:\/\/bit.ly\/05ideia\">https:\/\/bit.ly\/05ideia<\/a><\/figcaption><\/figure>\n","protected":false},"excerpt":{"rendered":"<p>A inquieta\u00e7\u00e3o e a n\u00e3o conformidade com o que existe s\u00e3o os combust\u00edveis para desenvolver ideias brilhantes! Duvidar sempre! 5.1. Defini\u00e7\u00e3o O desenvolvimento de uma ideia brilhante \u00e9 o processo que transforma uma d\u00favida em uma pergunta de pesquisa bem estruturada, seguida pela formula\u00e7\u00e3o de uma hip\u00f3tese, um objetivo claro e um t\u00edtulo adequado. A [&hellip;]<\/p>\n","protected":false},"author":1,"featured_media":0,"parent":0,"menu_order":5,"comment_status":"closed","ping_status":"closed","template":"","meta":{"_crdt_document":"","footnotes":""},"class_list":["post-495","page","type-page","status-publish","hentry"],"_links":{"self":[{"href":"https:\/\/usinadepesquisa.com\/fiatlux\/wp-json\/wp\/v2\/pages\/495","targetHints":{"allow":["GET"]}}],"collection":[{"href":"https:\/\/usinadepesquisa.com\/fiatlux\/wp-json\/wp\/v2\/pages"}],"about":[{"href":"https:\/\/usinadepesquisa.com\/fiatlux\/wp-json\/wp\/v2\/types\/page"}],"author":[{"embeddable":true,"href":"https:\/\/usinadepesquisa.com\/fiatlux\/wp-json\/wp\/v2\/users\/1"}],"replies":[{"embeddable":true,"href":"https:\/\/usinadepesquisa.com\/fiatlux\/wp-json\/wp\/v2\/comments?post=495"}],"version-history":[{"count":11,"href":"https:\/\/usinadepesquisa.com\/fiatlux\/wp-json\/wp\/v2\/pages\/495\/revisions"}],"predecessor-version":[{"id":724,"href":"https:\/\/usinadepesquisa.com\/fiatlux\/wp-json\/wp\/v2\/pages\/495\/revisions\/724"}],"wp:attachment":[{"href":"https:\/\/usinadepesquisa.com\/fiatlux\/wp-json\/wp\/v2\/media?parent=495"}],"curies":[{"name":"wp","href":"https:\/\/api.w.org\/{rel}","templated":true}]}}