{"id":498,"date":"2024-09-28T16:43:57","date_gmt":"2024-09-28T13:43:57","guid":{"rendered":"https:\/\/usinadepesquisa.com\/fiatlux\/?page_id=498"},"modified":"2025-07-28T19:39:46","modified_gmt":"2025-07-28T16:39:46","slug":"fiatlux-o-ciclo-de-vida-de-uma-pesquisa","status":"publish","type":"page","link":"https:\/\/usinadepesquisa.com\/fiatlux\/","title":{"rendered":"FIATLUX: O ciclo de vida de uma pesquisa"},"content":{"rendered":"\n<p class=\"wp-block-paragraph\">Use a barra com dois tra\u00e7os, no canto superior do lado esquerdo deste p\u00e1gina, para acessar o conte\u00fado do livro.<\/p>\n\n\n\n<figure class=\"wp-block-image size-large\"><img loading=\"lazy\" decoding=\"async\" width=\"683\" height=\"1024\" src=\"http:\/\/usinadepesquisa.com\/fiatlux\/wp-content\/uploads\/2025\/07\/ChatGPT-Image-28-de-jul.-de-2025-13_26_11-683x1024.png\" alt=\"\" class=\"wp-image-750\" srcset=\"https:\/\/usinadepesquisa.com\/fiatlux\/wp-content\/uploads\/2025\/07\/ChatGPT-Image-28-de-jul.-de-2025-13_26_11-683x1024.png 683w, https:\/\/usinadepesquisa.com\/fiatlux\/wp-content\/uploads\/2025\/07\/ChatGPT-Image-28-de-jul.-de-2025-13_26_11-200x300.png 200w, https:\/\/usinadepesquisa.com\/fiatlux\/wp-content\/uploads\/2025\/07\/ChatGPT-Image-28-de-jul.-de-2025-13_26_11-768x1152.png 768w, https:\/\/usinadepesquisa.com\/fiatlux\/wp-content\/uploads\/2025\/07\/ChatGPT-Image-28-de-jul.-de-2025-13_26_11.png 1024w\" sizes=\"auto, (max-width: 683px) 100vw, 683px\" \/><\/figure>\n\n\n\n<figure class=\"wp-block-image size-large\"><img loading=\"lazy\" decoding=\"async\" width=\"1024\" height=\"576\" src=\"https:\/\/usinadepesquisa.com\/fiatlux\/wp-content\/uploads\/2025\/04\/IA-na-pesquisa-academica-1024x576.png\" alt=\"\" class=\"wp-image-609\" srcset=\"https:\/\/usinadepesquisa.com\/fiatlux\/wp-content\/uploads\/2025\/04\/IA-na-pesquisa-academica-1024x576.png 1024w, https:\/\/usinadepesquisa.com\/fiatlux\/wp-content\/uploads\/2025\/04\/IA-na-pesquisa-academica-300x169.png 300w, https:\/\/usinadepesquisa.com\/fiatlux\/wp-content\/uploads\/2025\/04\/IA-na-pesquisa-academica-768x432.png 768w, https:\/\/usinadepesquisa.com\/fiatlux\/wp-content\/uploads\/2025\/04\/IA-na-pesquisa-academica-1536x864.png 1536w, https:\/\/usinadepesquisa.com\/fiatlux\/wp-content\/uploads\/2025\/04\/IA-na-pesquisa-academica.png 1920w\" sizes=\"auto, (max-width: 1024px) 100vw, 1024px\" \/><figcaption class=\"wp-element-caption\">A pesquisa nasce com uma ideia brilhante, evolui atrav\u00e9s do planejamento e execu\u00e7\u00e3o, e culmina na reda\u00e7\u00e3o do relat\u00f3rio final. Seu ciclo se completa com a divulga\u00e7\u00e3o dos resultados em forma de artigo original, contribuindo para o avan\u00e7o cient\u00edfico. Cada etapa \u2014 da concep\u00e7\u00e3o \u00e0 publica\u00e7\u00e3o \u2014 \u00e9 essencial para garantir a validade e o impacto do conhecimento gerado.<\/figcaption><\/figure>\n\n\n\n<figure class=\"wp-block-image aligncenter size-full is-resized\"><img loading=\"lazy\" decoding=\"async\" width=\"656\" height=\"656\" src=\"https:\/\/usinadepesquisa.com\/fiatlux\/wp-content\/uploads\/2024\/09\/bit.ly_2024fiatlux-1.png\" alt=\"\" class=\"wp-image-499\" style=\"width:205px;height:auto\" srcset=\"https:\/\/usinadepesquisa.com\/fiatlux\/wp-content\/uploads\/2024\/09\/bit.ly_2024fiatlux-1.png 656w, https:\/\/usinadepesquisa.com\/fiatlux\/wp-content\/uploads\/2024\/09\/bit.ly_2024fiatlux-1-300x300.png 300w, https:\/\/usinadepesquisa.com\/fiatlux\/wp-content\/uploads\/2024\/09\/bit.ly_2024fiatlux-1-150x150.png 150w\" sizes=\"auto, (max-width: 656px) 100vw, 656px\" \/><figcaption class=\"wp-element-caption\"><a href=\"https:\/\/bit.ly\/2024fiatlux\">https:\/\/bit.ly\/2024fiatlux<\/a><br>QR-code do endere\u00e7o desta p\u00e1gina<\/figcaption><\/figure>\n\n\n\n<p class=\"has-text-align-center wp-block-paragraph\">***<\/p>\n","protected":false},"excerpt":{"rendered":"<p>Use a barra com dois tra\u00e7os, no canto superior do lado esquerdo deste p\u00e1gina, para acessar o conte\u00fado do livro. ***<\/p>\n","protected":false},"author":1,"featured_media":0,"parent":0,"menu_order":0,"comment_status":"closed","ping_status":"closed","template":"","meta":{"_crdt_document":"","footnotes":""},"class_list":["post-498","page","type-page","status-publish","hentry"],"_links":{"self":[{"href":"https:\/\/usinadepesquisa.com\/fiatlux\/wp-json\/wp\/v2\/pages\/498","targetHints":{"allow":["GET"]}}],"collection":[{"href":"https:\/\/usinadepesquisa.com\/fiatlux\/wp-json\/wp\/v2\/pages"}],"about":[{"href":"https:\/\/usinadepesquisa.com\/fiatlux\/wp-json\/wp\/v2\/types\/page"}],"author":[{"embeddable":true,"href":"https:\/\/usinadepesquisa.com\/fiatlux\/wp-json\/wp\/v2\/users\/1"}],"replies":[{"embeddable":true,"href":"https:\/\/usinadepesquisa.com\/fiatlux\/wp-json\/wp\/v2\/comments?post=498"}],"version-history":[{"count":8,"href":"https:\/\/usinadepesquisa.com\/fiatlux\/wp-json\/wp\/v2\/pages\/498\/revisions"}],"predecessor-version":[{"id":751,"href":"https:\/\/usinadepesquisa.com\/fiatlux\/wp-json\/wp\/v2\/pages\/498\/revisions\/751"}],"wp:attachment":[{"href":"https:\/\/usinadepesquisa.com\/fiatlux\/wp-json\/wp\/v2\/media?parent=498"}],"curies":[{"name":"wp","href":"https:\/\/api.w.org\/{rel}","templated":true}]}}