{"id":547,"date":"2024-10-01T05:46:08","date_gmt":"2024-10-01T02:46:08","guid":{"rendered":"https:\/\/usinadepesquisa.com\/fiatlux\/?page_id=547"},"modified":"2025-08-08T19:43:13","modified_gmt":"2025-08-08T16:43:13","slug":"9-redigir-o-projeto-de-pesquisa","status":"publish","type":"page","link":"https:\/\/usinadepesquisa.com\/fiatlux\/9-redigir-o-projeto-de-pesquisa\/","title":{"rendered":"9. Redigir o Projeto de Pesquisa"},"content":{"rendered":"<div class=\"has-text-align-right wp-block-post-time-to-read\">6\u20139 minutos<\/div>\n\n\n<blockquote class=\"wp-block-quote is-layout-flow wp-block-quote-is-layout-flow\">\n<h4 class=\"wp-block-heading has-text-align-right\">O projeto de pesquisa \u00e9 o guia que permite a outros cientistas entenderem e replicarem seu estudo com clareza e precis\u00e3o.<\/h4>\n<\/blockquote>\n\n\n\n<figure class=\"wp-block-image size-large\"><img loading=\"lazy\" decoding=\"async\" width=\"1024\" height=\"576\" src=\"http:\/\/usinadepesquisa.com\/fiatlux\/wp-content\/uploads\/2025\/04\/IA-na-pesquisa-academica-1024x576.png\" alt=\"\" class=\"wp-image-609\" srcset=\"https:\/\/usinadepesquisa.com\/fiatlux\/wp-content\/uploads\/2025\/04\/IA-na-pesquisa-academica-1024x576.png 1024w, https:\/\/usinadepesquisa.com\/fiatlux\/wp-content\/uploads\/2025\/04\/IA-na-pesquisa-academica-300x169.png 300w, https:\/\/usinadepesquisa.com\/fiatlux\/wp-content\/uploads\/2025\/04\/IA-na-pesquisa-academica-768x432.png 768w, https:\/\/usinadepesquisa.com\/fiatlux\/wp-content\/uploads\/2025\/04\/IA-na-pesquisa-academica-1536x864.png 1536w, https:\/\/usinadepesquisa.com\/fiatlux\/wp-content\/uploads\/2025\/04\/IA-na-pesquisa-academica.png 1920w\" sizes=\"auto, (max-width: 1024px) 100vw, 1024px\" \/><figcaption class=\"wp-element-caption\">As etapas e fases do processo de fazer uma pesquisa<\/figcaption><\/figure>\n\n\n\n<h2 class=\"wp-block-heading\">9.1. <strong>Defini\u00e7\u00e3o<\/strong><\/h2>\n\n\n\n<p class=\"wp-block-paragraph\">Depois de determinar a <strong>exequibilidade<\/strong> da pesquisa por meio da revis\u00e3o da literatura e dos testes de instrumentos e procedimentos, o pr\u00f3ximo passo essencial \u00e9 consolidar essas informa\u00e7\u00f5es em um documento formal chamado <strong>projeto de pesquisa<\/strong>. Esse documento tem a fun\u00e7\u00e3o de apresentar, de forma organizada e clara, a <strong>ideia brilhante<\/strong>, a justificativa baseada no estado atual do conhecimento, a <strong>metodologia<\/strong> para responder \u00e0 pergunta de pesquisa e as <strong>informa\u00e7\u00f5es log\u00edsticas e \u00e9ticas<\/strong> que garantem a viabilidade do estudo. O projeto de pesquisa deve ser suficientemente detalhado para que qualquer outro pesquisador, ao replicar os mesmos passos, possa chegar \u00e0s mesmas conclus\u00f5es. Al\u00e9m disso, o projeto deve ser <strong>redigido com clareza, precis\u00e3o e objetividade<\/strong>, evitando ambiguidades e assegurando que todos os procedimentos sejam compreendidos de forma completa.<\/p>\n\n\n\n<p class=\"wp-block-paragraph\">Esse documento n\u00e3o serve apenas para o planejamento interno do pesquisador, mas tamb\u00e9m para obter aprova\u00e7\u00f5es formais, como a do Comit\u00ea de \u00c9tica, e poss\u00edveis financiamentos. Ele \u00e9 o alicerce de todo o processo cient\u00edfico e garante que a pesquisa seja conduzida de maneira rigorosa e \u00e9tica, permitindo a transpar\u00eancia e replicabilidade dos resultados.<\/p>\n\n\n\n<p class=\"wp-block-paragraph\"><\/p>\n\n\n\n<h2 class=\"wp-block-heading\">9.2. <strong>Import\u00e2ncia<\/strong><\/h2>\n\n\n\n<p class=\"wp-block-paragraph\">O projeto de pesquisa \u00e9 crucial por v\u00e1rias raz\u00f5es que v\u00e3o al\u00e9m de simplesmente organizar o estudo. Ele permite:<\/p>\n\n\n\n<ul class=\"wp-block-list\">\n<li><strong>Definir com clareza todos os aspectos da pesquisa<\/strong>, desde os objetivos at\u00e9 as etapas pr\u00e1ticas, como coleta de dados e an\u00e1lise. Isso evita confus\u00f5es e garante que a pesquisa siga um rumo bem definido.<\/li>\n\n\n\n<li><strong>Facilitar a comunica\u00e7\u00e3o com outras partes envolvidas<\/strong>, como orientadores, financiadores e comit\u00eas de \u00e9tica. O projeto precisa ser suficientemente claro para que todas essas partes compreendam os objetivos, a relev\u00e2ncia, a metodologia e os poss\u00edveis impactos da pesquisa.<\/li>\n\n\n\n<li><strong>Ser um documento indispens\u00e1vel para obter a aprova\u00e7\u00e3o \u00e9tica<\/strong>. Nenhuma pesquisa envolvendo seres humanos pode ser realizada sem a aprova\u00e7\u00e3o do Comit\u00ea de \u00c9tica em Pesquisa, que exige um projeto formalizado detalhando como os riscos ser\u00e3o minimizados, como os sujeitos da pesquisa ser\u00e3o protegidos e como os dados ser\u00e3o coletados e tratados.<\/li>\n\n\n\n<li><strong>Obter financiamento<\/strong>: O projeto \u00e9 uma ferramenta essencial para obter recursos financeiros de ag\u00eancias de fomento \u00e0 pesquisa, como a FAPEAL e o CNPq. Para essas ag\u00eancias, o projeto serve como prova de que o pesquisador tem um plano bem estruturado e vi\u00e1vel, aumentando as chances de apoio financeiro.<\/li>\n<\/ul>\n\n\n\n<p class=\"wp-block-paragraph\">Al\u00e9m disso, um projeto bem elaborado evita desperd\u00edcio de tempo e recursos, j\u00e1 que ele antecipa e planeja cada etapa da pesquisa, prevenindo problemas que poderiam surgir durante a execu\u00e7\u00e3o.<\/p>\n\n\n\n<p class=\"wp-block-paragraph\"><\/p>\n\n\n\n<h2 class=\"wp-block-heading\">9.3. <strong>Quem deve fazer?<\/strong><\/h2>\n\n\n\n<p class=\"wp-block-paragraph\">A elabora\u00e7\u00e3o do projeto de pesquisa \u00e9 uma responsabilidade direta do <strong>pesquisador principal<\/strong>, pois ele \u00e9 o criador da ideia e o respons\u00e1vel pela sua execu\u00e7\u00e3o. Contudo, o pesquisador n\u00e3o precisa e nem deve fazer isso sozinho. <strong>Colaboradores especializados<\/strong> s\u00e3o cruciais para garantir a qualidade e a viabilidade do projeto. O <strong>orientador<\/strong> \u00e9 uma figura central nesse processo, orientando o pesquisador a tomar as decis\u00f5es corretas e a alinhar o projeto com os padr\u00f5es acad\u00eamicos e cient\u00edficos. Al\u00e9m disso, <strong>consultar um estat\u00edstico<\/strong> \u00e9 fundamental. O estat\u00edstico contribui em v\u00e1rias etapas cr\u00edticas, como:<\/p>\n\n\n\n<ol class=\"wp-block-list\">\n<li><strong>T\u00e9cnica de amostragem<\/strong>: Determinar como a amostra ser\u00e1 selecionada de maneira representativa.<\/li>\n\n\n\n<li><strong>C\u00e1lculo do tamanho da amostra<\/strong>: Estimar o n\u00famero de participantes necess\u00e1rio para garantir que os resultados sejam estatisticamente significativos.<\/li>\n\n\n\n<li><strong>An\u00e1lise estat\u00edstica<\/strong>: Identificar os testes estat\u00edsticos mais adequados para analisar os dados.<\/li>\n<\/ol>\n\n\n\n<p class=\"wp-block-paragraph\">O envolvimento de um estat\u00edstico \u00e9 tamb\u00e9m essencial nas fases de execu\u00e7\u00e3o e an\u00e1lise de dados, garantindo que a coleta de dados seja organizada de forma eficiente e que a an\u00e1lise seja correta, permitindo a interpreta\u00e7\u00e3o adequada dos resultados. Al\u00e9m disso, revis\u00f5es do projeto por outros pesquisadores, tanto da \u00e1rea quanto de fora, s\u00e3o importantes para obter diferentes perspectivas e sugest\u00f5es que podem melhorar o plano de pesquisa.<\/p>\n\n\n\n<p class=\"wp-block-paragraph\"><\/p>\n\n\n\n<h2 class=\"wp-block-heading\">9.4. <strong>Quando deve fazer?<\/strong><\/h2>\n\n\n\n<p class=\"wp-block-paragraph\">A reda\u00e7\u00e3o do projeto de pesquisa deve ser iniciada <strong>somente ap\u00f3s a conclus\u00e3o dos testes de instrumentos e procedimentos<\/strong>. Isso porque esses testes confirmam a viabilidade pr\u00e1tica da pesquisa, o que garante que todos os recursos, ferramentas e habilidades necess\u00e1rios est\u00e3o dispon\u00edveis. Iniciar a reda\u00e7\u00e3o do projeto antes de testar a viabilidade pr\u00e1tica pode resultar em perda de tempo e esfor\u00e7os, j\u00e1 que pode ser necess\u00e1rio rever ou ajustar v\u00e1rias partes do projeto depois.<\/p>\n\n\n\n<p class=\"wp-block-paragraph\">Al\u00e9m disso, ao deixar a reda\u00e7\u00e3o do projeto para depois dos testes de viabilidade, o pesquisador garante que est\u00e1 trabalhando com uma base s\u00f3lida, tendo a confian\u00e7a de que sua pesquisa pode ser conduzida sem contratempos significativos. Isso tamb\u00e9m assegura que o projeto de pesquisa esteja alinhado tanto com a teoria quanto com a pr\u00e1tica, otimizando o tempo e os recursos.<\/p>\n\n\n\n<p class=\"wp-block-paragraph\"><\/p>\n\n\n\n<h2 class=\"wp-block-heading\">9.5. <strong>Onde fazer?<\/strong><\/h2>\n\n\n\n<p class=\"wp-block-paragraph\">A reda\u00e7\u00e3o do projeto de pesquisa pode ser realizada <strong>em qualquer lugar com acesso a um computador e \u00e0 Internet<\/strong>, uma vez que a maioria dos recursos e refer\u00eancias necess\u00e1rios est\u00e3o dispon\u00edveis em formato digital. Ao armazenar os documentos de planejamento em plataformas como Google Drive ou similares, o pesquisador tem acesso f\u00e1cil aos dados, informa\u00e7\u00f5es e modelos necess\u00e1rios para compilar o projeto. Al\u00e9m disso, o uso de plataformas online facilita a colabora\u00e7\u00e3o com outros pesquisadores, orientadores e estat\u00edsticos, permitindo revis\u00f5es e sugest\u00f5es de maneira eficiente e organizada.<\/p>\n\n\n\n<p class=\"wp-block-paragraph\">Essa flexibilidade de local permite que o pesquisador possa trabalhar em diferentes ambientes, conforme necess\u00e1rio, seja no escrit\u00f3rio, em casa ou em locais onde o acesso a recursos espec\u00edficos seja importante.<\/p>\n\n\n\n<p class=\"wp-block-paragraph\"><\/p>\n\n\n\n<h2 class=\"wp-block-heading\">9.6. <strong>Como fazer?<\/strong><\/h2>\n\n\n\n<p class=\"wp-block-paragraph\">O processo de elabora\u00e7\u00e3o do projeto de pesquisa segue uma estrutura clara e organizada, dividida em etapas sequenciais, para garantir que todos os aspectos essenciais sejam abordados. Aqui est\u00e3o os passos recomendados:<\/p>\n\n\n\n<ol class=\"wp-block-list\">\n<li><strong>Copiar um modelo de projeto de pesquisa<\/strong>: Utilizar modelos prontos \u00e9 uma maneira eficaz de garantir que a estrutura do projeto esteja de acordo com as normas acad\u00eamicas e cient\u00edficas. Modelos, como o dispon\u00edvel no GoogleDrive (https:\/\/goo.gl\/k9sxR5), podem servir como uma base que deve ser adaptada para a pesquisa espec\u00edfica do pesquisador.<\/li>\n\n\n\n<li><strong>Fazer as adapta\u00e7\u00f5es necess\u00e1rias<\/strong>: Cada projeto \u00e9 \u00fanico, e \u00e9 importante que o pesquisador adapte o modelo conforme os objetivos, hip\u00f3teses, metodologia e especificidades de sua pesquisa.<\/li>\n<\/ol>\n\n\n\n<p class=\"wp-block-paragraph\">A estrutura de um projeto de pesquisa inclui uma s\u00e9rie de se\u00e7\u00f5es obrigat\u00f3rias, sendo cada uma delas essencial para a compreens\u00e3o e execu\u00e7\u00e3o do estudo. Abaixo est\u00e3o os principais itens que comp\u00f5em o projeto:<\/p>\n\n\n\n<p class=\"wp-block-paragraph\"><strong>A. Dados iniciais<\/strong><\/p>\n\n\n\n<ul class=\"wp-block-list\">\n<li><strong>Folha de rosto do comit\u00ea de \u00e9tica em pesquisa<\/strong>: Identifica\u00e7\u00e3o do projeto e do pesquisador.<\/li>\n\n\n\n<li><strong>Capa e Folha de rosto<\/strong>: Informa\u00e7\u00f5es gerais sobre o projeto.<\/li>\n\n\n\n<li><strong>\u00cdndice<\/strong>: Para facilitar a navega\u00e7\u00e3o no documento.<\/li>\n\n\n\n<li><strong>Lista de abreviaturas, siglas e s\u00edmbolos<\/strong>: Facilitar a compreens\u00e3o do texto t\u00e9cnico.<\/li>\n\n\n\n<li><strong>Resumo e Abstract<\/strong>: Explica\u00e7\u00e3o breve do projeto e sua relev\u00e2ncia.<\/li>\n<\/ul>\n\n\n\n<p class=\"wp-block-paragraph\"><strong>B. Informa\u00e7\u00f5es gerais e o projeto de pesquisa<\/strong><\/p>\n\n\n\n<p class=\"wp-block-paragraph\">1. <strong>Introdu\u00e7\u00e3o<\/strong><br>1.1. <strong>Contexto (Justificativa)<\/strong>: A relev\u00e2ncia cient\u00edfica e social da pesquisa.<br>1.2. <strong>Hip\u00f3tese<\/strong>: O que o pesquisador espera comprovar ou descobrir.<br>1.3. <strong>Objetivo<\/strong>: O que o estudo pretende alcan\u00e7ar em termos de respostas e conclus\u00f5es.<br>2. <strong>M\u00e9todos<\/strong><br>2.1. <strong>Tipo de estudo<\/strong>: Descrever se \u00e9 observacional, experimental, etc.<br>2.2. <strong>Local<\/strong>: Indicar onde estr\u00e3o os participantes da pesquisa.<br>2.3. <strong>Amostra<\/strong>: Definir crit\u00e9rios de inclus\u00e3o e exclus\u00f5es dos participantes da pesquisa, amostragem e consentimento livre e esclarecido.<br>2.4. <strong>Procedimentos<\/strong>: Descrever interven\u00e7\u00f5es, testes ou exposi\u00e7\u00f5es a serem realizados.<br>2.5. <strong>Vari\u00e1veis<\/strong>: Definir as vari\u00e1veis prim\u00e1rias, secund\u00e1rias e dados complementares a serem coletados.<br>2.6. <strong>M\u00e9todo estat\u00edstico<\/strong>: C\u00e1lculo do tamanho da amostra, an\u00e1lise de dados e apresenta\u00e7\u00e3o dos resultados.<\/p>\n\n\n\n<p class=\"wp-block-paragraph\">3. <strong>Etapas da pesquisa e cronograma<\/strong>: Detalhar todas as etapas do estudo, com prazos.<\/p>\n\n\n\n<p class=\"wp-block-paragraph\">4. <strong>Materiais e Or\u00e7amento<\/strong>: Listar recursos necess\u00e1rios e fontes de financiamento.<\/p>\n\n\n\n<p class=\"wp-block-paragraph\">5. <strong>Monitoramento da pesquisa<\/strong>: Descrever medidas para minimizar riscos e proteger a confidencialidade dos dados.<\/p>\n\n\n\n<p class=\"wp-block-paragraph\">6. <strong>An\u00e1lise de riscos e benef\u00edcios<\/strong>: Avaliar potenciais riscos e benef\u00edcios para os participantes.<\/p>\n\n\n\n<p class=\"wp-block-paragraph\">7. <strong>Propriedades da informa\u00e7\u00e3o e divulga\u00e7\u00e3o<\/strong>: Explicar como os dados ser\u00e3o tratados e como os resultados ser\u00e3o publicados.<\/p>\n\n\n\n<ol class=\"wp-block-list\"><\/ol>\n\n\n\n<p class=\"wp-block-paragraph\"><strong>C. Documenta\u00e7\u00e3o complementar<\/strong><\/p>\n\n\n\n<ul class=\"wp-block-list\">\n<li>Refer\u00eancias<\/li>\n\n\n\n<li>Modelo do termo de consentimento livre e esclarecido<\/li>\n\n\n\n<li>Formul\u00e1rios de coleta de dados<\/li>\n\n\n\n<li>Termo de autoriza\u00e7\u00e3o de realiza\u00e7\u00e3o da pesquisa<\/li>\n\n\n\n<li>Curr\u00edculo dos pesquisadores<\/li>\n\n\n\n<li>Formul\u00e1rio de conflito de interesses<\/li>\n<\/ul>\n\n\n\n<p class=\"wp-block-paragraph\"><\/p>\n\n\n\n<h2 class=\"wp-block-heading\">9.7. <strong>Considera\u00e7\u00f5es finais<\/strong><\/h2>\n\n\n\n<p class=\"wp-block-paragraph\">Finalizada a reda\u00e7\u00e3o do projeto de pesquisa, ele <strong>deve obrigatoriamente ser submetido ao Comit\u00ea de \u00c9tica em Pesquisa<\/strong> para avalia\u00e7\u00e3o e aprova\u00e7\u00e3o. A pesquisa s\u00f3 pode ser iniciada ap\u00f3s essa aprova\u00e7\u00e3o, garantindo que todos os aspectos \u00e9ticos foram considerados e que os sujeitos da pesquisa estar\u00e3o protegidos.<\/p>\n\n\n\n<p class=\"wp-block-paragraph\">O projeto de pesquisa \u00e9, portanto, mais do que uma formalidade. Ele \u00e9 o guia que assegura que a pesquisa ser\u00e1 conduzida de maneira <strong>rigorosa, \u00e9tica e eficiente<\/strong>, e que os resultados obtidos ter\u00e3o validade cient\u00edfica e poder\u00e3o contribuir significativamente para o avan\u00e7o do conhecimento na \u00e1rea de estudo.<\/p>\n\n\n\n<p class=\"has-text-align-center wp-block-paragraph\">***<\/p>\n\n\n\n<figure class=\"wp-block-image aligncenter size-full is-resized\"><img loading=\"lazy\" decoding=\"async\" width=\"656\" height=\"656\" src=\"https:\/\/usinadepesquisa.com\/fiatlux\/wp-content\/uploads\/2024\/10\/bit.ly_09projeto.png\" alt=\"\" class=\"wp-image-575\" style=\"width:188px;height:auto\" srcset=\"https:\/\/usinadepesquisa.com\/fiatlux\/wp-content\/uploads\/2024\/10\/bit.ly_09projeto.png 656w, https:\/\/usinadepesquisa.com\/fiatlux\/wp-content\/uploads\/2024\/10\/bit.ly_09projeto-300x300.png 300w, https:\/\/usinadepesquisa.com\/fiatlux\/wp-content\/uploads\/2024\/10\/bit.ly_09projeto-150x150.png 150w\" sizes=\"auto, (max-width: 656px) 100vw, 656px\" \/><figcaption class=\"wp-element-caption\"><a href=\"https:\/\/bit.ly\/09projeto\">https:\/\/bit.ly\/09projeto<\/a><\/figcaption><\/figure>\n","protected":false},"excerpt":{"rendered":"<p>O projeto de pesquisa \u00e9 o guia que permite a outros cientistas entenderem e replicarem seu estudo com clareza e precis\u00e3o. 9.1. Defini\u00e7\u00e3o Depois de determinar a exequibilidade da pesquisa por meio da revis\u00e3o da literatura e dos testes de instrumentos e procedimentos, o pr\u00f3ximo passo essencial \u00e9 consolidar essas informa\u00e7\u00f5es em um documento formal [&hellip;]<\/p>\n","protected":false},"author":2,"featured_media":0,"parent":0,"menu_order":9,"comment_status":"closed","ping_status":"closed","template":"","meta":{"_crdt_document":"","footnotes":""},"class_list":["post-547","page","type-page","status-publish","hentry"],"_links":{"self":[{"href":"https:\/\/usinadepesquisa.com\/fiatlux\/wp-json\/wp\/v2\/pages\/547","targetHints":{"allow":["GET"]}}],"collection":[{"href":"https:\/\/usinadepesquisa.com\/fiatlux\/wp-json\/wp\/v2\/pages"}],"about":[{"href":"https:\/\/usinadepesquisa.com\/fiatlux\/wp-json\/wp\/v2\/types\/page"}],"author":[{"embeddable":true,"href":"https:\/\/usinadepesquisa.com\/fiatlux\/wp-json\/wp\/v2\/users\/2"}],"replies":[{"embeddable":true,"href":"https:\/\/usinadepesquisa.com\/fiatlux\/wp-json\/wp\/v2\/comments?post=547"}],"version-history":[{"count":8,"href":"https:\/\/usinadepesquisa.com\/fiatlux\/wp-json\/wp\/v2\/pages\/547\/revisions"}],"predecessor-version":[{"id":761,"href":"https:\/\/usinadepesquisa.com\/fiatlux\/wp-json\/wp\/v2\/pages\/547\/revisions\/761"}],"wp:attachment":[{"href":"https:\/\/usinadepesquisa.com\/fiatlux\/wp-json\/wp\/v2\/media?parent=547"}],"curies":[{"name":"wp","href":"https:\/\/api.w.org\/{rel}","templated":true}]}}