{"id":595,"date":"2024-10-28T09:11:21","date_gmt":"2024-10-28T06:11:21","guid":{"rendered":"https:\/\/usinadepesquisa.com\/fiatlux\/?page_id=595"},"modified":"2026-01-09T13:42:01","modified_gmt":"2026-01-09T10:42:01","slug":"minha-primeira-ia","status":"publish","type":"page","link":"https:\/\/usinadepesquisa.com\/fiatlux\/minha-primeira-ia\/","title":{"rendered":"Minha Primeira IA"},"content":{"rendered":"\n<p class=\"has-text-align-center wp-block-paragraph\"><\/p>\n\n\n\n<figure class=\"wp-block-image aligncenter size-large is-resized\"><a href=\"https:\/\/bit.ly\/chat-pesquisar\"><img loading=\"lazy\" decoding=\"async\" width=\"1024\" height=\"1024\" src=\"https:\/\/usinadepesquisa.com\/fiatlux\/wp-content\/uploads\/2026\/01\/google-notebooklm-logo-hd-1024x1024.png\" alt=\"\" class=\"wp-image-765\" style=\"width:288px;height:auto\" srcset=\"https:\/\/usinadepesquisa.com\/fiatlux\/wp-content\/uploads\/2026\/01\/google-notebooklm-logo-hd-1024x1024.png 1024w, https:\/\/usinadepesquisa.com\/fiatlux\/wp-content\/uploads\/2026\/01\/google-notebooklm-logo-hd-300x300.png 300w, https:\/\/usinadepesquisa.com\/fiatlux\/wp-content\/uploads\/2026\/01\/google-notebooklm-logo-hd-150x150.png 150w, https:\/\/usinadepesquisa.com\/fiatlux\/wp-content\/uploads\/2026\/01\/google-notebooklm-logo-hd-768x768.png 768w, https:\/\/usinadepesquisa.com\/fiatlux\/wp-content\/uploads\/2026\/01\/google-notebooklm-logo-hd.png 1280w\" sizes=\"auto, (max-width: 1024px) 100vw, 1024px\" \/><\/a><figcaption class=\"wp-element-caption\">Notebook da disciplina de pesquisa em ci\u00eancias da sa\u00fade da UNCISAL, Macei\u00f3, AL<\/figcaption><\/figure>\n\n\n\n<p class=\"has-text-align-center wp-block-paragraph\"><a href=\"https:\/\/bit.ly\/chat-pesquisar\">https:\/\/bit.ly\/chat-pesquisar<\/a><\/p>\n\n\n\n<hr class=\"wp-block-separator has-alpha-channel-opacity\"\/>\n\n\n\n<p class=\"has-text-align-center wp-block-paragraph\">09 de janeiro de 2026 <br>@Aldemar Araujo<\/p>\n\n\n\n<p class=\"wp-block-paragraph\"><\/p>\n","protected":false},"excerpt":{"rendered":"<p>https:\/\/bit.ly\/chat-pesquisar 09 de janeiro de 2026 @Aldemar Araujo<\/p>\n","protected":false},"author":2,"featured_media":0,"parent":0,"menu_order":0,"comment_status":"closed","ping_status":"closed","template":"","meta":{"_crdt_document":"","footnotes":""},"class_list":["post-595","page","type-page","status-publish","hentry"],"_links":{"self":[{"href":"https:\/\/usinadepesquisa.com\/fiatlux\/wp-json\/wp\/v2\/pages\/595","targetHints":{"allow":["GET"]}}],"collection":[{"href":"https:\/\/usinadepesquisa.com\/fiatlux\/wp-json\/wp\/v2\/pages"}],"about":[{"href":"https:\/\/usinadepesquisa.com\/fiatlux\/wp-json\/wp\/v2\/types\/page"}],"author":[{"embeddable":true,"href":"https:\/\/usinadepesquisa.com\/fiatlux\/wp-json\/wp\/v2\/users\/2"}],"replies":[{"embeddable":true,"href":"https:\/\/usinadepesquisa.com\/fiatlux\/wp-json\/wp\/v2\/comments?post=595"}],"version-history":[{"count":7,"href":"https:\/\/usinadepesquisa.com\/fiatlux\/wp-json\/wp\/v2\/pages\/595\/revisions"}],"predecessor-version":[{"id":767,"href":"https:\/\/usinadepesquisa.com\/fiatlux\/wp-json\/wp\/v2\/pages\/595\/revisions\/767"}],"wp:attachment":[{"href":"https:\/\/usinadepesquisa.com\/fiatlux\/wp-json\/wp\/v2\/media?parent=595"}],"curies":[{"name":"wp","href":"https:\/\/api.w.org\/{rel}","templated":true}]}}